{"id":14,"date":"2019-06-29T03:57:24","date_gmt":"2019-06-29T03:57:24","guid":{"rendered":"http:\/\/d.commonsupport.com\/caregiver\/?page_id=14"},"modified":"2024-04-05T06:29:18","modified_gmt":"2024-04-05T06:29:18","slug":"about-us","status":"publish","type":"page","link":"https:\/\/residenciaulldecona.cat\/index.php\/about-us\/","title":{"rendered":"Hist\u00f2ria"},"content":{"rendered":"<p><section data-kc-fullwidth=\"content\" class=\"kc-elm kc-css-341922 kc_row\"><div class=\"kc-row-container\"><div class=\"kc-wrap-columns\"><div class=\"kc-elm kc-css-897761 kc_col-sm-12 kc_column kc_col-sm-12\"><div class=\"kc-col-container\"><section class=\" mission-section style-two\">\r\n\t\t<div class=\"auto-container\">\r\n\t\t\t<!-- Title Box -->\r\n\t\t\t<div class=\"title-box\">\r\n\t\t\t\t<h2>Hist\u00f2ria del centre<\/h2>\r\n\t\t\t\t<div class=\"bold-text\"><\/div>\r\n\t\t\t\t<div class=\"text\">La resid\u00e8ncia d\u2019Ulldecona es va inaugurar el maig de 2003 amb l\u2019objectiu de cobrir la necessitat de les fam\u00edlies d\u2019Ulldecona i barris de tenir un espai de cura per a les persones grans. Despr\u00e9s d\u2019anys de gesti\u00f3 per part d\u2019empresa privada, l\u2019Ajuntament decideix l\u2019any 2021 finalitzar la concessi\u00f3 del servei i que aquest passi a ser de gesti\u00f3 p\u00fablica.\r\nEl trasp\u00e0s at\u00e9n la voluntat de complir amb el seu comprom\u00eds d\u2019una gesti\u00f3 p\u00fablica dels serveis assistencials, a m\u00e9s de millorar l\u2019atenci\u00f3 personalitzada dels residents i tamb\u00e9 de garantir unes condicions dignes per als treballadors.\r\n\r\nLa resid\u00e8ncia est\u00e0 formada per 45 treballadors. S\u2019ofereix 42 places de resid\u00e8ncia i 18 places en centre de dia.  De les 42 places de resid\u00e8ncia, 35 s\u00f3n concertades i les altres 7 amb possibilitat de PEV.<\/div>\r\n\t\t\t<\/div>\r\n\t\t\t<div class=\"row clearfix\">\r\n\t\t\t\t\r\n\t\t\t\t<!-- Image Column -->\r\n\t\t\t\t<div class=\"image-column col-lg-3 col-md-4 col-sm-12\">\r\n\t\t\t\t\t<div class=\"inner-column\">\r\n\t\t\t\t\t\t<div class=\"image\">\r\n\t\t\t\t\t\t\t<img decoding=\"async\" src=\"https:\/\/residenciaulldecona.cat\/wp-content\/uploads\/2024\/04\/IMG_8434-1-300x200.jpg\" alt=\"Image\" \/>\r\n\t\t\t\t\t\t<\/div>\r\n\t\t\t\t\t<\/div>\r\n\t\t\t\t<\/div>\r\n\t\t\t\t\r\n\t\t\t\t<!-- Content Column -->\r\n\t\t\t\t<div class=\"content-column col-lg-9 col-md-8 col-sm-12\">\r\n\t\t\t\t\t<div class=\"inner-column\">\r\n\t\t\t\t\t\t<h2>La nostra missi\u00f3<\/h2>\r\n\t\t\t\t\t\t<div class=\"bold-text\">La missi\u00f3 del centre \u00e9s garantir la qualitat de vida de les persones grans durant l\u2019etapa de la vellesa aix\u00ed com fomentar i mantenir les capacitats cognitives i f\u00edsiques de la persona usu\u00e0ria. Sense oblidar la part social, treballem perqu\u00e8 les persones puguin mantenir els vincles familiars i d\u2019amistat aix\u00ed com les seves aficions i relaci\u00f3 amb les entitats del poble durant la seva est\u00e0ncia a la resid\u00e8ncia. <\/div>\r\n\t\t\t\t\t\t<div class=\"text\"><\/div>\r\n\t\t\t\t\t\t<h3><\/h3>\r\n\t\t\t\t\t\t<ul class=\"mission-list\">\r\n\t\t\t\t\t\t\t\r\n\t\t\t\t\t\t\t\t\t\t\t\t\t<\/ul>\r\n\t\t\t\t\t\t<ul class=\"mission-list\">\r\n\t\t\t\t\t\t\t\r\n\t\t\t\t\t\t\t\t\t\t\t\t\t<\/ul>\r\n\t\t\t\t\t<\/div>\r\n\t\t\t\t<\/div>\r\n\t\t\t\t\r\n\t\t\t<\/div>\r\n\t\t<\/div>\r\n\t<\/section><\/div><\/div><\/div><\/div><\/section><section data-kc-fullwidth=\"content\" class=\"kc-elm kc-css-915975 kc_row\"><div class=\"kc-row-container\"><div class=\"kc-wrap-columns\"><div class=\"kc-elm kc-css-25939 kc_col-sm-12 kc_column kc_col-sm-12\"><div class=\"kc-col-container\"><\/div><\/div><\/div><\/div><\/section><section class=\"kc-elm kc-css-952865 kc_row\"><div class=\"kc-row-container  kc-container\"><div class=\"kc-wrap-columns\"><div class=\"kc-elm kc-css-177484 kc_col-sm-12 kc_column kc_col-sm-12\"><div class=\"kc-col-container\"><\/div><\/div><\/div><\/div><\/section><section class=\"kc-elm kc-css-338562 kc_row\"><div class=\"kc-row-container  kc-container\"><div class=\"kc-wrap-columns\"><div class=\"kc-elm kc-css-249639 kc_col-sm-12 kc_column kc_col-sm-12\"><div class=\"kc-col-container\"><\/div><\/div><\/div><\/div><\/section><\/p>\n","protected":false},"excerpt":{"rendered":"","protected":false},"author":1,"featured_media":0,"parent":0,"menu_order":0,"comment_status":"closed","ping_status":"closed","template":"tpl-king-composer.php","meta":{"footnotes":""},"class_list":["post-14","page","type-page","status-publish","hentry"],"_links":{"self":[{"href":"https:\/\/residenciaulldecona.cat\/index.php\/wp-json\/wp\/v2\/pages\/14","targetHints":{"allow":["GET"]}}],"collection":[{"href":"https:\/\/residenciaulldecona.cat\/index.php\/wp-json\/wp\/v2\/pages"}],"about":[{"href":"https:\/\/residenciaulldecona.cat\/index.php\/wp-json\/wp\/v2\/types\/page"}],"author":[{"embeddable":true,"href":"https:\/\/residenciaulldecona.cat\/index.php\/wp-json\/wp\/v2\/users\/1"}],"replies":[{"embeddable":true,"href":"https:\/\/residenciaulldecona.cat\/index.php\/wp-json\/wp\/v2\/comments?post=14"}],"version-history":[{"count":13,"href":"https:\/\/residenciaulldecona.cat\/index.php\/wp-json\/wp\/v2\/pages\/14\/revisions"}],"predecessor-version":[{"id":762,"href":"https:\/\/residenciaulldecona.cat\/index.php\/wp-json\/wp\/v2\/pages\/14\/revisions\/762"}],"wp:attachment":[{"href":"https:\/\/residenciaulldecona.cat\/index.php\/wp-json\/wp\/v2\/media?parent=14"}],"curies":[{"name":"wp","href":"https:\/\/api.w.org\/{rel}","templated":true}]}}